{"id":3,"date":"2023-03-15T15:46:46","date_gmt":"2023-03-15T18:46:46","guid":{"rendered":"https:\/\/www.manusa.com.br\/at\/?page_id=3"},"modified":"2023-03-31T09:31:22","modified_gmt":"2023-03-31T12:31:22","slug":"politica-de-privacidade","status":"publish","type":"page","link":"https:\/\/www.manusa.com.br\/at\/politica-de-privacidade\/","title":{"rendered":"Pol\u00edtica de privacidade"},"content":{"rendered":"\t\t<div data-elementor-type=\"wp-page\" data-elementor-id=\"3\" class=\"elementor elementor-3\" data-elementor-post-type=\"page\">\n\t\t\t\t\t\t<section class=\"elementor-section elementor-top-section elementor-element elementor-element-7861c1d elementor-section-boxed elementor-section-height-default elementor-section-height-default\" data-id=\"7861c1d\" data-element_type=\"section\">\n\t\t\t\t\t\t<div class=\"elementor-container elementor-column-gap-default\">\n\t\t\t\t\t<div class=\"elementor-column elementor-col-100 elementor-top-column elementor-element elementor-element-6072de3\" data-id=\"6072de3\" data-element_type=\"column\">\n\t\t\t<div class=\"elementor-widget-wrap elementor-element-populated\">\n\t\t\t\t\t\t<div class=\"elementor-element elementor-element-fb13be5 elementor-widget elementor-widget-heading\" data-id=\"fb13be5\" data-element_type=\"widget\" data-widget_type=\"heading.default\">\n\t\t\t\t<div class=\"elementor-widget-container\">\n\t\t\t\t\t<h1 class=\"elementor-heading-title elementor-size-default\">Pol\u00edtica de Privacidade e Termos de Utiliza\u00e7\u00e3o \ndos Dados Pessoais\n<\/h1>\t\t\t\t<\/div>\n\t\t\t\t<\/div>\n\t\t\t\t<div class=\"elementor-element elementor-element-89cf6a9 elementor-widget elementor-widget-text-editor\" data-id=\"89cf6a9\" data-element_type=\"widget\" data-widget_type=\"text-editor.default\">\n\t\t\t\t<div class=\"elementor-widget-container\">\n\t\t\t\t\t\t\t\t\t<p>Prezamos pela privacidade de todos os dados pessoais informados em nosso site, por essa raz\u00e3o, todos os dados coletados ser\u00e3o utilizados apenas para comunica\u00e7\u00f5es institucionais de nossa empresa com voc\u00ea, atrav\u00e9s de contatos diretos ou via materiais de marketing, como E-mails Marketing, Newsletters, An\u00fancios Gr\u00e1ficos no Google e parceiros, ou ainda, Conte\u00fados para Download que estejam em acordo com o seu interesse divulgado.<\/p>\n<p>Tamb\u00e9m utilizaremos os seus dados para melhorar sua experi\u00eancia em nosso site monitorando suas a\u00e7\u00f5es, p\u00e1ginas visitadas e informa\u00e7\u00f5es fornecidas nos formul\u00e1rios, personalizando as comunica\u00e7\u00f5es via e-mail marketing para adequar \u00e0s suas necessidades.<\/p>\n<p>Caso necessitemos utilizar seus dados para alguma finalidade diferente das descritas em nossa Pol\u00edtica de Privacidade e Termos de Utiliza\u00e7\u00e3o dos Dados Pessoais, ser\u00e1 feito mediante sua autoriza\u00e7\u00e3o pr\u00e9via.<\/p>\n<p>Caso seja necess\u00e1rio realizar altera\u00e7\u00f5es extensas nesta Pol\u00edtica de Privacidade atualizaremos neste mesmo link e informaremos nossos clientes cadastrados para que possa atualizar seu consentimento. Contudo, recomendamos que visite periodicamente esta p\u00e1gina em nosso site para manter-se informado em rela\u00e7\u00e3o ao tratamento dos seus dados pessoais fornecidos \u00e0 nossa empresa.<\/p>\n<p>Se, por ventura, as altera\u00e7\u00f5es forem relevantes e necessitem de novas autoriza\u00e7\u00f5es suas, faremos a divulga\u00e7\u00e3o via E-mail Marketing atrav\u00e9s dos contatos existentes em nossa base de dados at\u00e9 a data da atualiza\u00e7\u00e3o.<\/p>\n<p>Ao informar seus dados em nosso site voc\u00ea est\u00e1 concordando com esta Pol\u00edtica de Privacidade e seus Termos de Utiliza\u00e7\u00e3o dos Dados Pessoais.<\/p>\t\t\t\t\t\t\t\t<\/div>\n\t\t\t\t<\/div>\n\t\t\t\t<div class=\"elementor-element elementor-element-523fd5c elementor-widget elementor-widget-heading\" data-id=\"523fd5c\" data-element_type=\"widget\" data-widget_type=\"heading.default\">\n\t\t\t\t<div class=\"elementor-widget-container\">\n\t\t\t\t\t<h2 class=\"elementor-heading-title elementor-size-default\">Coleta de dados pessoais<\/h2>\t\t\t\t<\/div>\n\t\t\t\t<\/div>\n\t\t\t\t<div class=\"elementor-element elementor-element-2145da9 elementor-widget elementor-widget-text-editor\" data-id=\"2145da9\" data-element_type=\"widget\" data-widget_type=\"text-editor.default\">\n\t\t\t\t<div class=\"elementor-widget-container\">\n\t\t\t\t\t\t\t\t\t<ul>\n<li><strong>Informa\u00e7\u00f5es pessoais<\/strong> \u2013 S\u00e3o armazenadas apenas os dados pessoais fornecidos pelo pr\u00f3prio usu\u00e1rio em nosso site atrav\u00e9s dos formul\u00e1rios de coleta. S\u00e3o solicitados dados como nome, telefone, celular e e-mail. Em ocasi\u00f5es espor\u00e1dicas, podem ser solicitados endere\u00e7o, cidade, estado, pa\u00eds, empresa, cargo, profiss\u00e3o, segmento da empresa, n\u00famero de funcion\u00e1rios dessa empresa, forma\u00e7\u00e3o acad\u00eamica, prefer\u00eancias de marketing, atrav\u00e9s dos diversos formul\u00e1rios existentes ao longo das p\u00e1ginas do site. Contatos realizados com nossa empresa via e-mail ou telefone tamb\u00e9m poder\u00e3o ser armazenados.<br \/>Todos os dados pessoais fornecidos em formul\u00e1rios de cadastro de Newsletter ou para Download de Conte\u00fados (E-books, V\u00eddeos, Cat\u00e1logos, etc) ser\u00e3o armazenados considerando seu leg\u00edtimo interesse em receber comunica\u00e7\u00f5es da nossa empresa.<\/li>\n<\/ul>\n<p>\u00a0<\/p>\n<ul>\n<li><strong>Informa\u00e7\u00f5es de navega\u00e7\u00e3o<\/strong> \u2013 Rastreamos e armazenamos as visitas em nosso site por meio do Google Analytics atrav\u00e9s da inser\u00e7\u00e3o de um \u2018cookie\u2019 no navegador. Ser\u00e3o validados dados como, quantidade de acessos, dura\u00e7\u00e3o de cada visita no site e p\u00e1ginas, hor\u00e1rio, localiza\u00e7\u00e3o, fontes de refer\u00eancia p\u00e1ginas mais visualizadas, endere\u00e7o IP, e tipo de navegador, entre outros. Tamb\u00e9m s\u00e3o rastreados os comportamentos do usu\u00e1rio nos E-mails Marketing enviados, como quantidade de cliques, visualiza\u00e7\u00f5es da pe\u00e7a, mensagens e solicita\u00e7\u00f5es de opt-out.<br \/>Os dados de rastreamento por cookies n\u00e3o armazenar\u00e3o os seus dados pessoais, caso voc\u00ea n\u00e3o tenha dado seu consentimento no momento do envio do formul\u00e1rio.<\/li>\n<\/ul>\n<p>\u00a0<\/p>\n<ul>\n<li><strong>Hist\u00f3rico e perfil do usu\u00e1rio<\/strong> &#8211; Armazenamos as mensagens e sele\u00e7\u00f5es (segmento de atua\u00e7\u00e3o, por exemplo) enviadas atrav\u00e9s dos formul\u00e1rios solicitados em cada a\u00e7\u00e3o, bem como os conte\u00fados baixados em nossas p\u00e1ginas.<\/li>\n<\/ul>\t\t\t\t\t\t\t\t<\/div>\n\t\t\t\t<\/div>\n\t\t\t\t<div class=\"elementor-element elementor-element-2b188d8 elementor-widget elementor-widget-heading\" data-id=\"2b188d8\" data-element_type=\"widget\" data-widget_type=\"heading.default\">\n\t\t\t\t<div class=\"elementor-widget-container\">\n\t\t\t\t\t<h2 class=\"elementor-heading-title elementor-size-default\">Reten\u00e7\u00e3o de dados pessoais<\/h2>\t\t\t\t<\/div>\n\t\t\t\t<\/div>\n\t\t\t\t<div class=\"elementor-element elementor-element-b93b2dd elementor-widget elementor-widget-text-editor\" data-id=\"b93b2dd\" data-element_type=\"widget\" data-widget_type=\"text-editor.default\">\n\t\t\t\t<div class=\"elementor-widget-container\">\n\t\t\t\t\t\t\t\t\t<p>Nossas aplica\u00e7\u00f5es e base de dados est\u00e3o hospedados em servidores renomados do mercado com Termos de Uso dispon\u00edveis e leg\u00edveis em seus respectivos sites para garantir sua seguran\u00e7a e, sempre que desejar, poder\u00e1 ser fornecida uma c\u00f3pia \u00e0 voc\u00ea.<\/p>\n<p>Todas as suas informa\u00e7\u00f5es pessoais fornecidas em nosso site s\u00e3o confidenciais e nos responsabilizamos em mant\u00ea-las sob sigilo e a atuar de forma constante ao que estiver em nosso alcance para mant\u00ea-las protegidas em nosso ambiente virtual.<\/p>\t\t\t\t\t\t\t\t<\/div>\n\t\t\t\t<\/div>\n\t\t\t\t<div class=\"elementor-element elementor-element-4e37667 elementor-widget elementor-widget-heading\" data-id=\"4e37667\" data-element_type=\"widget\" data-widget_type=\"heading.default\">\n\t\t\t\t<div class=\"elementor-widget-container\">\n\t\t\t\t\t<h2 class=\"elementor-heading-title elementor-size-default\">Utiliza\u00e7\u00e3o de dados pessoais<\/h2>\t\t\t\t<\/div>\n\t\t\t\t<\/div>\n\t\t\t\t<div class=\"elementor-element elementor-element-8aff2b5 elementor-widget elementor-widget-text-editor\" data-id=\"8aff2b5\" data-element_type=\"widget\" data-widget_type=\"text-editor.default\">\n\t\t\t\t<div class=\"elementor-widget-container\">\n\t\t\t\t\t\t\t\t\t<ul>\n<li><strong>Pe\u00e7as de E-mail Marketing<\/strong> \u2013 Enviaremos ao seu e-mail pe\u00e7as digitais de comunica\u00e7\u00e3o sobre nossa empresa: informa\u00e7\u00f5es institucionais, apresenta\u00e7\u00e3o de produtos ou servi\u00e7os, lan\u00e7amentos ou promo\u00e7\u00f5es, newsletters, divulga\u00e7\u00e3o de eventos e novidades, sempre privilegiando seu potencial interesse no assunto.<\/li>\n<\/ul>\n<p>\u00a0<\/p>\n<ul>\n<li><strong>Publicidade online <\/strong>\u2013 Poderemos utilizar os seus dados de navega\u00e7\u00e3o, sem divulga-los, para exibir an\u00fancios gr\u00e1ficos relacionados aos seus interesses em sites parceiros ao Buscador Google.<\/li>\n<\/ul>\n<p>\u00a0<\/p>\n<ul>\n<li><strong>Estat\u00edsticas<\/strong> \u2013 Poderemos utilizar os seus dados de cadastro e navega\u00e7\u00e3o, sem divulga-los, para extrair relat\u00f3rios de visitas em nosso site afim de planejar melhorias para tornar melhor sua experi\u00eancia de navega\u00e7\u00e3o e acesso aos nossos produtos e servi\u00e7os.<\/li>\n<\/ul>\t\t\t\t\t\t\t\t<\/div>\n\t\t\t\t<\/div>\n\t\t\t\t<div class=\"elementor-element elementor-element-7b365f6 elementor-widget elementor-widget-heading\" data-id=\"7b365f6\" data-element_type=\"widget\" data-widget_type=\"heading.default\">\n\t\t\t\t<div class=\"elementor-widget-container\">\n\t\t\t\t\t<h2 class=\"elementor-heading-title elementor-size-default\">Per\u00edodo de utiliza\u00e7\u00e3o dos dados pessoais<\/h2>\t\t\t\t<\/div>\n\t\t\t\t<\/div>\n\t\t\t\t<div class=\"elementor-element elementor-element-47b1f87 elementor-widget elementor-widget-text-editor\" data-id=\"47b1f87\" data-element_type=\"widget\" data-widget_type=\"text-editor.default\">\n\t\t\t\t<div class=\"elementor-widget-container\">\n\t\t\t\t\t\t\t\t\t<p>Todos os dados pessoais fornecidos deliberadamente \u00e0 nossa empresa atrav\u00e9s dos formul\u00e1rios dispon\u00edveis em nosso site ser\u00e3o utilizados por um per\u00edodo indeterminado para todas as a\u00e7\u00f5es de Marketing Digital e tamb\u00e9m para contatos diretos atrav\u00e9s de e-mail e telefone conforme a necessidade de nossa empresa.<\/p>\t\t\t\t\t\t\t\t<\/div>\n\t\t\t\t<\/div>\n\t\t\t\t<div class=\"elementor-element elementor-element-7c5dc39 elementor-widget elementor-widget-heading\" data-id=\"7c5dc39\" data-element_type=\"widget\" data-widget_type=\"heading.default\">\n\t\t\t\t<div class=\"elementor-widget-container\">\n\t\t\t\t\t<h2 class=\"elementor-heading-title elementor-size-default\">Compartilhamento de dados pessoais<\/h2>\t\t\t\t<\/div>\n\t\t\t\t<\/div>\n\t\t\t\t<div class=\"elementor-element elementor-element-f29792a elementor-widget elementor-widget-text-editor\" data-id=\"f29792a\" data-element_type=\"widget\" data-widget_type=\"text-editor.default\">\n\t\t\t\t<div class=\"elementor-widget-container\">\n\t\t\t\t\t\t\t\t\t<p>Todos os dados pessoais fornecidos em nosso site e armazenados em nosso ambiente n\u00e3o ser\u00e3o compartilhados com outra empresa, seja parceira ou fornecedor, tendo como fim apenas para os Termos de Utiliza\u00e7\u00e3o descritas nesta p\u00e1gina.<\/p>\n<ul>\n<li><strong>Compartilhamento em redes sociais<\/strong> \u2013 Ao utilizar os bot\u00f5es de compartilhamento de nosso site para publicar em suas redes sociais publicar\u00e1 atrav\u00e9s de seu perfil na rede selecionada. Nossa empresa ou nosso site n\u00e3o possui acesso \u00e0s suas redes sociais, portanto, n\u00e3o nos responsabilizaremos por equ\u00edvocos nestas publica\u00e7\u00f5es.<br \/><br \/><\/li>\n<li><strong>Requisi\u00e7\u00f5es judiciais<\/strong> \u2013 Havendo requisi\u00e7\u00f5es judiciais, nossa empresa fornecer\u00e1 os dados solicitados e, posteriormente, informar\u00e1 o cliente\/usu\u00e1rio \u00e0 respeito da ordem judicial.<\/li>\n<\/ul>\t\t\t\t\t\t\t\t<\/div>\n\t\t\t\t<\/div>\n\t\t\t\t<div class=\"elementor-element elementor-element-acaeb4d elementor-widget elementor-widget-heading\" data-id=\"acaeb4d\" data-element_type=\"widget\" data-widget_type=\"heading.default\">\n\t\t\t\t<div class=\"elementor-widget-container\">\n\t\t\t\t\t<h2 class=\"elementor-heading-title elementor-size-default\">Acesso aos seus dados pessoais<\/h2>\t\t\t\t<\/div>\n\t\t\t\t<\/div>\n\t\t\t\t<div class=\"elementor-element elementor-element-4a1cc3a elementor-widget elementor-widget-text-editor\" data-id=\"4a1cc3a\" data-element_type=\"widget\" data-widget_type=\"text-editor.default\">\n\t\t\t\t<div class=\"elementor-widget-container\">\n\t\t\t\t\t\t\t\t\t<p>Apenas ter\u00e3o acesso \u00e0 visualizar suas informa\u00e7\u00f5es pessoais colaboradores internos da nossa empresa, bem como nossos fornecedores de Marketing Digital e demais, com nossa devida autoriza\u00e7\u00e3o, para realizar os servi\u00e7os de Marketing e Comunica\u00e7\u00e3o descritos nesta Pol\u00edtica de Privacidade e Termos de Utiliza\u00e7\u00e3o.<\/p>\t\t\t\t\t\t\t\t<\/div>\n\t\t\t\t<\/div>\n\t\t\t\t<div class=\"elementor-element elementor-element-0d84517 elementor-widget elementor-widget-heading\" data-id=\"0d84517\" data-element_type=\"widget\" data-widget_type=\"heading.default\">\n\t\t\t\t<div class=\"elementor-widget-container\">\n\t\t\t\t\t<h2 class=\"elementor-heading-title elementor-size-default\">Edi\u00e7\u00e3o e cancelamento de dados pessoais<\/h2>\t\t\t\t<\/div>\n\t\t\t\t<\/div>\n\t\t\t\t<div class=\"elementor-element elementor-element-0b1c090 txt-politica elementor-widget elementor-widget-text-editor\" data-id=\"0b1c090\" data-element_type=\"widget\" data-widget_type=\"text-editor.default\">\n\t\t\t\t<div class=\"elementor-widget-container\">\n\t\t\t\t\t\t\t\t\t<p>Nossa empresa se preocupa com a sua privacidade e com a correta utiliza\u00e7\u00e3o dos seus dados pessoais armazenados. Como titular, voc\u00ea pode exercer seus direitos e solicitar confirma\u00e7\u00e3o de cadastro, altera\u00e7\u00e3o de informa\u00e7\u00f5es, cancelamento de recebimentos, portabilidade ou exclus\u00e3o.<\/p>\n<ul>\n<li>\n<p><strong>Altera\u00e7\u00e3o de dados pessoais <\/strong>\u2013 Caso necessite alterar as suas informa\u00e7\u00f5es pessoais j\u00e1 enviadas, entre em contato com nossa equipe atrav\u00e9s do e-mail <a href=\"mailto:manusa.br@manusa.com\">manusa.br@manusa.com<\/a>. A altera\u00e7\u00e3o dos seus dados ser\u00e1 realizada em at\u00e9 7 dias \u00fateis.<\/p>\n<\/li>\n<\/ul>\n<ul>\n<li><strong>Cancelamento (Opt-out)<\/strong> \u2013 Caso queira revogar seu consentimento para recebimento de pe\u00e7as de E-mail marketing, voc\u00ea pode solicitar cancelamento autom\u00e1tico atrav\u00e9s do link para descadastramento dispon\u00edvel no rodap\u00e9 de todas as pe\u00e7as. Ao clicar nesse link voc\u00ea ser\u00e1 descadastrado do nosso mailing automaticamente e n\u00e3o receber\u00e1 nossos pr\u00f3ximos E-mails Marketings, mas os seus dados permanecer\u00e3o armazenados em nossa base de dados.<br \/>Caso queira se descadastrar antes do recebimento do pr\u00f3ximo E-mail Marketing, entre em contato com nossa equipe atrav\u00e9s do e-mail <a href=\"mailto:manusa.br@manusa.com\">manusa.br@manusa.com<\/a>. Seu e-mail ser\u00e1 inserido na lista de Opt-out em at\u00e9 7 dias \u00fateis.<\/li>\n<\/ul>\n<ul>\n<li><strong>Portabilidade<\/strong> \u2013 Caso queira transferir seu cadastro para outro usu\u00e1rio, recomendamos que solicite o \u201cOpt-out\u201d e solicite ao novo usu\u00e1rio fazer o cadastramento em um dos nossos formul\u00e1rios cedendo seu consentimento. Em caso de d\u00favidas, entre em contato com nossa equipe atrav\u00e9s do e-mail <a href=\"mailto:manusa.br@manusa.com\">manusa.br@manusa.com<\/a>.<\/li>\n<\/ul>\n<ul>\n<li><strong>Exclus\u00e3o de dados pessoais <\/strong>\u2013 Caso queira solicitar a exclus\u00e3o dos seus dados pessoais de nossos bancos de dados, entre em contato com nossa equipe atrav\u00e9s do e-mail <a href=\"mailto:manusa.br@manusa.com\">manusa.br@manusa.com<\/a>. Seus dados ser\u00e3o exclu\u00eddos completamente dos nossos bancos de dados em at\u00e9 7 dias \u00fateis.<\/li>\n<\/ul>\n<ul>\n<li><strong>Recadastro<\/strong> \u2013 Caso solicite o descadastramento (opt-out) ou exclus\u00e3o de armazenamento por qualquer um dos meios acima, ao enviar um novo formul\u00e1rio voc\u00ea ser\u00e1 inserido novamente em nosso banco de dados.<\/li>\n<\/ul>\t\t\t\t\t\t\t\t<\/div>\n\t\t\t\t<\/div>\n\t\t\t\t\t<\/div>\n\t\t<\/div>\n\t\t\t\t\t<\/div>\n\t\t<\/section>\n\t\t\t\t<\/div>\n\t\t","protected":false},"excerpt":{"rendered":"<p>Pol\u00edtica de Privacidade e Termos de Utiliza\u00e7\u00e3o dos Dados Pessoais Prezamos pela privacidade de todos os dados pessoais informados em nosso site, por essa raz\u00e3o, todos os dados coletados ser\u00e3o utilizados apenas para comunica\u00e7\u00f5es institucionais de nossa empresa com voc\u00ea, atrav\u00e9s de contatos diretos ou via materiais de marketing, como E-mails Marketing, Newsletters, An\u00fancios Gr\u00e1ficos [&hellip;]<\/p>\n","protected":false},"author":1,"featured_media":0,"parent":0,"menu_order":0,"comment_status":"closed","ping_status":"open","template":"elementor_header_footer","meta":{"footnotes":""},"class_list":["post-3","page","type-page","status-publish","hentry"],"_links":{"self":[{"href":"https:\/\/www.manusa.com.br\/at\/wp-json\/wp\/v2\/pages\/3","targetHints":{"allow":["GET"]}}],"collection":[{"href":"https:\/\/www.manusa.com.br\/at\/wp-json\/wp\/v2\/pages"}],"about":[{"href":"https:\/\/www.manusa.com.br\/at\/wp-json\/wp\/v2\/types\/page"}],"author":[{"embeddable":true,"href":"https:\/\/www.manusa.com.br\/at\/wp-json\/wp\/v2\/users\/1"}],"replies":[{"embeddable":true,"href":"https:\/\/www.manusa.com.br\/at\/wp-json\/wp\/v2\/comments?post=3"}],"version-history":[{"count":0,"href":"https:\/\/www.manusa.com.br\/at\/wp-json\/wp\/v2\/pages\/3\/revisions"}],"wp:attachment":[{"href":"https:\/\/www.manusa.com.br\/at\/wp-json\/wp\/v2\/media?parent=3"}],"curies":[{"name":"wp","href":"https:\/\/api.w.org\/{rel}","templated":true}]}}